{"id":558,"date":"2024-09-08T17:24:54","date_gmt":"2024-09-08T15:24:54","guid":{"rendered":"https:\/\/k-lliope.fr\/?page_id=558"},"modified":"2024-09-28T11:26:42","modified_gmt":"2024-09-28T09:26:42","slug":"personnalite","status":"publish","type":"page","link":"https:\/\/k-lliope.fr\/index.php\/personnalite\/","title":{"rendered":"Personnalit\u00e9"},"content":{"rendered":"\t\t<div data-elementor-type=\"wp-page\" data-elementor-id=\"558\" class=\"elementor elementor-558\">\n\t\t\t\t<div class=\"elementor-element elementor-element-38de1c9 e-grid e-con-boxed wpr-particle-no wpr-jarallax-no wpr-parallax-no wpr-sticky-section-no e-con e-parent\" data-id=\"38de1c9\" data-element_type=\"container\">\n\t\t\t\t\t<div class=\"e-con-inner\">\n\t\t\t\t<div class=\"elementor-element elementor-element-38fb37e elementor-widget__width-initial elementor-widget-mobile__width-inherit elementor-widget elementor-widget-image\" data-id=\"38fb37e\" data-element_type=\"widget\" data-widget_type=\"image.default\">\n\t\t\t\t<div class=\"elementor-widget-container\">\n\t\t\t\t\t\t\t\t\t\t\t\t\t<img fetchpriority=\"high\" decoding=\"async\" width=\"1415\" height=\"989\" src=\"https:\/\/k-lliope.fr\/wp-content\/uploads\/2024\/09\/horoscope-01.png\" class=\"attachment-full size-full wp-image-560\" alt=\"\" srcset=\"https:\/\/k-lliope.fr\/wp-content\/uploads\/2024\/09\/horoscope-01.png 1415w, https:\/\/k-lliope.fr\/wp-content\/uploads\/2024\/09\/horoscope-01-300x210.png 300w, https:\/\/k-lliope.fr\/wp-content\/uploads\/2024\/09\/horoscope-01-1024x716.png 1024w, https:\/\/k-lliope.fr\/wp-content\/uploads\/2024\/09\/horoscope-01-768x537.png 768w, https:\/\/k-lliope.fr\/wp-content\/uploads\/2024\/09\/horoscope-01-1140x797.png 1140w\" sizes=\"(max-width: 1415px) 100vw, 1415px\" \/>\t\t\t\t\t\t\t\t\t\t\t\t\t<\/div>\n\t\t\t\t<\/div>\n\t\t<div class=\"elementor-element elementor-element-baf9c7a e-flex e-con-boxed wpr-particle-no wpr-jarallax-no wpr-parallax-no wpr-sticky-section-no e-con e-child\" data-id=\"baf9c7a\" data-element_type=\"container\">\n\t\t\t\t\t<div class=\"e-con-inner\">\n\t\t\t\t<div class=\"elementor-element elementor-element-3fd72c6 elementor-widget elementor-widget-spacer\" data-id=\"3fd72c6\" data-element_type=\"widget\" data-widget_type=\"spacer.default\">\n\t\t\t\t<div class=\"elementor-widget-container\">\n\t\t\t\t\t<div class=\"elementor-spacer\">\n\t\t\t<div class=\"elementor-spacer-inner\"><\/div>\n\t\t<\/div>\n\t\t\t\t<\/div>\n\t\t\t\t<\/div>\n\t\t\t\t<div class=\"elementor-element elementor-element-73835a2 elementor-widget elementor-widget-text-editor\" data-id=\"73835a2\" data-element_type=\"widget\" data-widget_type=\"text-editor.default\">\n\t\t\t\t<div class=\"elementor-widget-container\">\n\t\t\t\t\t\t\t<p><em><strong>Quand un B\u00e9lier rencontre un Taureau, cela donne :<\/strong><\/em><\/p>\t\t\t\t\t\t<\/div>\n\t\t\t\t<\/div>\n\t\t\t\t<div class=\"elementor-element elementor-element-fb5a357 elementor-icon-list--layout-traditional elementor-list-item-link-full_width elementor-widget elementor-widget-icon-list\" data-id=\"fb5a357\" data-element_type=\"widget\" data-widget_type=\"icon-list.default\">\n\t\t\t\t<div class=\"elementor-widget-container\">\n\t\t\t\t\t<ul class=\"elementor-icon-list-items\">\n\t\t\t\t\t\t\t<li class=\"elementor-icon-list-item\">\n\t\t\t\t\t\t\t\t\t\t\t<span class=\"elementor-icon-list-icon\">\n\t\t\t\t\t\t\t<svg aria-hidden=\"true\" class=\"e-font-icon-svg e-fas-check\" viewBox=\"0 0 512 512\" xmlns=\"http:\/\/www.w3.org\/2000\/svg\"><path d=\"M173.898 439.404l-166.4-166.4c-9.997-9.997-9.997-26.206 0-36.204l36.203-36.204c9.997-9.998 26.207-9.998 36.204 0L192 312.69 432.095 72.596c9.997-9.997 26.207-9.997 36.204 0l36.203 36.204c9.997 9.997 9.997 26.206 0 36.204l-294.4 294.401c-9.998 9.997-26.207 9.997-36.204-.001z\"><\/path><\/svg>\t\t\t\t\t\t<\/span>\n\t\t\t\t\t\t\t\t\t\t<span class=\"elementor-icon-list-text\">Une personne t\u00eatue ? <\/span>\n\t\t\t\t\t\t\t\t\t<\/li>\n\t\t\t\t\t\t\t\t<li class=\"elementor-icon-list-item\">\n\t\t\t\t\t\t\t\t\t\t\t<span class=\"elementor-icon-list-icon\">\n\t\t\t\t\t\t\t<svg aria-hidden=\"true\" class=\"e-font-icon-svg e-fas-check\" viewBox=\"0 0 512 512\" xmlns=\"http:\/\/www.w3.org\/2000\/svg\"><path d=\"M173.898 439.404l-166.4-166.4c-9.997-9.997-9.997-26.206 0-36.204l36.203-36.204c9.997-9.998 26.207-9.998 36.204 0L192 312.69 432.095 72.596c9.997-9.997 26.207-9.997 36.204 0l36.203 36.204c9.997 9.997 9.997 26.206 0 36.204l-294.4 294.401c-9.998 9.997-26.207 9.997-36.204-.001z\"><\/path><\/svg>\t\t\t\t\t\t<\/span>\n\t\t\t\t\t\t\t\t\t\t<span class=\"elementor-icon-list-text\">Une personne \u00e9nigmatique ?<\/span>\n\t\t\t\t\t\t\t\t\t<\/li>\n\t\t\t\t\t\t\t\t<li class=\"elementor-icon-list-item\">\n\t\t\t\t\t\t\t\t\t\t\t<span class=\"elementor-icon-list-icon\">\n\t\t\t\t\t\t\t<svg aria-hidden=\"true\" class=\"e-font-icon-svg e-fas-check\" viewBox=\"0 0 512 512\" xmlns=\"http:\/\/www.w3.org\/2000\/svg\"><path d=\"M173.898 439.404l-166.4-166.4c-9.997-9.997-9.997-26.206 0-36.204l36.203-36.204c9.997-9.998 26.207-9.998 36.204 0L192 312.69 432.095 72.596c9.997-9.997 26.207-9.997 36.204 0l36.203 36.204c9.997 9.997 9.997 26.206 0 36.204l-294.4 294.401c-9.998 9.997-26.207 9.997-36.204-.001z\"><\/path><\/svg>\t\t\t\t\t\t<\/span>\n\t\t\t\t\t\t\t\t\t\t<span class=\"elementor-icon-list-text\">Une employ\u00e9e faite pour vous ?<\/span>\n\t\t\t\t\t\t\t\t\t<\/li>\n\t\t\t\t\t\t<\/ul>\n\t\t\t\t<\/div>\n\t\t\t\t<\/div>\n\t\t\t\t<div class=\"elementor-element elementor-element-796312b wpr-advanced-text-style-highlighted wpr-animated-text-infinite-yes elementor-widget elementor-widget-wpr-advanced-text\" data-id=\"796312b\" data-element_type=\"widget\" data-settings=\"{&quot;anim_loop&quot;:&quot;yes&quot;}\" data-widget_type=\"wpr-advanced-text.default\">\n\t\t\t\t<div class=\"elementor-widget-container\">\n\t\t\t\n\t\t<h3 class=\"wpr-advanced-text\">\n\n\t\t\t\t\t\n\t\t\t\n\t\t<span class=\"wpr-highlighted-text\">\n\t\t\t\t\t\n\t\t\t<span class=\"wpr-highlighted-text-inner\">A vous de choisir !<\/span>\n\n\t\t\t<svg xmlns=\"http:\/\/www.w3.org\/2000\/svg\" viewBox=\"0 0 500 150\" class=\"wpr-highlight-underline-zigzag\" preserveAspectRatio=\"none\">\n\t\t\t\t\t\t\t\t<path d=\"M9.3,127.3c49.3-3,150.7-7.6,199.7-7.4c121.9,0.4,189.9,0.4,282.3,7.2C380.1,129.6,181.2,130.6,70,139 c82.6-2.9,254.2-1,335.9,1.3c-56,1.4-137.2-0.3-197.1,9\"><\/path>\n\t\t\t\t\t\t\t<\/svg>\n\t\t\t\t\t<\/span>\n\t\t\t\t\n\t\t<\/h3>\n\t\t\n\t\t\t\t<\/div>\n\t\t\t\t<\/div>\n\t\t\t\t\t<\/div>\n\t\t\t\t<\/div>\n\t\t\t\t\t<\/div>\n\t\t\t\t<\/div>\n\t\t<div class=\"elementor-element elementor-element-925b434 e-con-full e-flex wpr-particle-no wpr-jarallax-no wpr-parallax-no wpr-sticky-section-no e-con e-parent\" data-id=\"925b434\" data-element_type=\"container\">\n\t\t\t\t<div class=\"elementor-element elementor-element-fd4878a elementor-widget elementor-widget-spacer\" data-id=\"fd4878a\" data-element_type=\"widget\" data-widget_type=\"spacer.default\">\n\t\t\t\t<div class=\"elementor-widget-container\">\n\t\t\t\t\t<div class=\"elementor-spacer\">\n\t\t\t<div class=\"elementor-spacer-inner\"><\/div>\n\t\t<\/div>\n\t\t\t\t<\/div>\n\t\t\t\t<\/div>\n\t\t\t\t<div class=\"elementor-element elementor-element-28ea83f elementor-widget__width-initial elementor-widget elementor-widget-heading\" data-id=\"28ea83f\" data-element_type=\"widget\" data-widget_type=\"heading.default\">\n\t\t\t\t<div class=\"elementor-widget-container\">\n\t\t\t<h2 class=\"elementor-heading-title elementor-size-default\">Forces<\/h2>\t\t<\/div>\n\t\t\t\t<\/div>\n\t\t\t\t<div class=\"elementor-element elementor-element-2cb59bd elementor-widget elementor-widget-text-editor\" data-id=\"2cb59bd\" data-element_type=\"widget\" data-widget_type=\"text-editor.default\">\n\t\t\t\t<div class=\"elementor-widget-container\">\n\t\t\t\t\t\t\t<p><em><strong>Je pense que nous sommes amen\u00e9s \u00e0 r\u00e9\u00e9valuer nos forces en fonction de nos besoins. Vous trouverez ci-dessous une liste de mes forces au regard de ma vie actuelle.<\/strong><\/em><\/p>\t\t\t\t\t\t<\/div>\n\t\t\t\t<\/div>\n\t\t\t\t<div class=\"elementor-element elementor-element-c94d8b1 elementor-widget__width-initial elementor-widget-mobile__width-initial elementor-widget elementor-widget-image\" data-id=\"c94d8b1\" data-element_type=\"widget\" data-widget_type=\"image.default\">\n\t\t\t\t<div class=\"elementor-widget-container\">\n\t\t\t\t\t\t\t\t\t\t\t\t\t<img decoding=\"async\" width=\"3019\" height=\"2197\" src=\"https:\/\/k-lliope.fr\/wp-content\/uploads\/2024\/09\/traits-de-personnalite_ok_Plan-de-travail-1.png\" class=\"attachment-full size-full wp-image-778\" alt=\"\" srcset=\"https:\/\/k-lliope.fr\/wp-content\/uploads\/2024\/09\/traits-de-personnalite_ok_Plan-de-travail-1.png 3019w, https:\/\/k-lliope.fr\/wp-content\/uploads\/2024\/09\/traits-de-personnalite_ok_Plan-de-travail-1-300x218.png 300w, https:\/\/k-lliope.fr\/wp-content\/uploads\/2024\/09\/traits-de-personnalite_ok_Plan-de-travail-1-1024x745.png 1024w, https:\/\/k-lliope.fr\/wp-content\/uploads\/2024\/09\/traits-de-personnalite_ok_Plan-de-travail-1-768x559.png 768w, https:\/\/k-lliope.fr\/wp-content\/uploads\/2024\/09\/traits-de-personnalite_ok_Plan-de-travail-1-1536x1118.png 1536w, https:\/\/k-lliope.fr\/wp-content\/uploads\/2024\/09\/traits-de-personnalite_ok_Plan-de-travail-1-2048x1490.png 2048w, https:\/\/k-lliope.fr\/wp-content\/uploads\/2024\/09\/traits-de-personnalite_ok_Plan-de-travail-1-1140x830.png 1140w\" sizes=\"(max-width: 3019px) 100vw, 3019px\" \/>\t\t\t\t\t\t\t\t\t\t\t\t\t<\/div>\n\t\t\t\t<\/div>\n\t\t\t\t<div class=\"elementor-element elementor-element-9e9db99 elementor-widget elementor-widget-spacer\" data-id=\"9e9db99\" data-element_type=\"widget\" data-widget_type=\"spacer.default\">\n\t\t\t\t<div class=\"elementor-widget-container\">\n\t\t\t\t\t<div class=\"elementor-spacer\">\n\t\t\t<div class=\"elementor-spacer-inner\"><\/div>\n\t\t<\/div>\n\t\t\t\t<\/div>\n\t\t\t\t<\/div>\n\t\t\t\t<div class=\"elementor-element elementor-element-1844383 elementor-widget elementor-widget-heading\" data-id=\"1844383\" data-element_type=\"widget\" data-widget_type=\"heading.default\">\n\t\t\t\t<div class=\"elementor-widget-container\">\n\t\t\t<h2 class=\"elementor-heading-title elementor-size-default\">Faiblesses<\/h2>\t\t<\/div>\n\t\t\t\t<\/div>\n\t\t\t\t<\/div>\n\t\t<div class=\"elementor-element elementor-element-834a80f e-flex e-con-boxed wpr-particle-no wpr-jarallax-no wpr-parallax-no wpr-sticky-section-no e-con e-parent\" data-id=\"834a80f\" data-element_type=\"container\">\n\t\t\t\t\t<div class=\"e-con-inner\">\n\t\t\t\t<div class=\"elementor-element elementor-element-d43a51f elementor-widget elementor-widget-text-editor\" data-id=\"d43a51f\" data-element_type=\"widget\" data-widget_type=\"text-editor.default\">\n\t\t\t\t<div class=\"elementor-widget-container\">\n\t\t\t\t\t\t\t<p><em><strong>Personne ne parle de ses d\u00e9fauts, avant m\u00eame le premier rendez-vous !<\/strong><\/em><\/p>\t\t\t\t\t\t<\/div>\n\t\t\t\t<\/div>\n\t\t\t\t\t<\/div>\n\t\t\t\t<\/div>\n\t\t<div class=\"elementor-element elementor-element-8bd472d e-flex e-con-boxed wpr-particle-no wpr-jarallax-no wpr-parallax-no wpr-sticky-section-no e-con e-parent\" data-id=\"8bd472d\" data-element_type=\"container\">\n\t\t\t\t\t<div class=\"e-con-inner\">\n\t\t\t\t\t<\/div>\n\t\t\t\t<\/div>\n\t\t<div class=\"elementor-element elementor-element-e4ec65b e-flex e-con-boxed wpr-particle-no wpr-jarallax-no wpr-parallax-no wpr-sticky-section-no e-con e-parent\" data-id=\"e4ec65b\" data-element_type=\"container\">\n\t\t\t\t\t<div class=\"e-con-inner\">\n\t\t\t\t\t<\/div>\n\t\t\t\t<\/div>\n\t\t\t\t<\/div>\n\t\t","protected":false},"excerpt":{"rendered":"<p>Quand un B\u00e9lier rencontre un Taureau, cela donne : Une personne t\u00eatue ? Une personne \u00e9nigmatique ? Une employ\u00e9e faite pour vous ? A vous de choisir ! Forces Je pense que nous sommes amen\u00e9s \u00e0 r\u00e9\u00e9valuer nos forces en fonction de nos besoins. Vous trouverez ci-dessous une liste de mes forces au regard de ma vie actuelle. Faiblesses Personne ne parle de ses d\u00e9fauts, avant m\u00eame le premier rendez-vous !<\/p>\n","protected":false},"author":1,"featured_media":0,"parent":0,"menu_order":0,"comment_status":"closed","ping_status":"closed","template":"","meta":{"cybocfi_hide_featured_image":"","footnotes":""},"class_list":["post-558","page","type-page","status-publish","hentry"],"yoast_head":"<!-- This site is optimized with the Yoast SEO plugin v23.4 - https:\/\/yoast.com\/wordpress\/plugins\/seo\/ -->\n<title>Personnalit\u00e9 - Oph\u00e9lie Bouthier<\/title>\n<meta name=\"robots\" content=\"noindex, follow\" \/>\n<meta property=\"og:locale\" content=\"fr_FR\" \/>\n<meta property=\"og:type\" content=\"article\" \/>\n<meta property=\"og:title\" content=\"Personnalit\u00e9 - Oph\u00e9lie Bouthier\" \/>\n<meta property=\"og:description\" content=\"Quand un B\u00e9lier rencontre un Taureau, cela donne : Une personne t\u00eatue ? Une personne \u00e9nigmatique ? Une employ\u00e9e faite pour vous ? A vous de choisir ! Forces Je pense que nous sommes amen\u00e9s \u00e0 r\u00e9\u00e9valuer nos forces en fonction de nos besoins. Vous trouverez ci-dessous une liste de mes forces au regard de ma vie actuelle. Faiblesses Personne ne parle de ses d\u00e9fauts, avant m\u00eame le premier rendez-vous !\" \/>\n<meta property=\"og:url\" content=\"https:\/\/k-lliope.fr\/index.php\/personnalite\/\" \/>\n<meta property=\"og:site_name\" content=\"Oph\u00e9lie Bouthier\" \/>\n<meta property=\"article:modified_time\" content=\"2024-09-28T09:26:42+00:00\" \/>\n<meta property=\"og:image\" content=\"https:\/\/k-lliope.fr\/wp-content\/uploads\/2024\/09\/horoscope-01.png\" \/>\n<meta name=\"twitter:card\" content=\"summary_large_image\" \/>\n<script type=\"application\/ld+json\" class=\"yoast-schema-graph\">{\"@context\":\"https:\/\/schema.org\",\"@graph\":[{\"@type\":\"WebPage\",\"@id\":\"https:\/\/k-lliope.fr\/index.php\/personnalite\/\",\"url\":\"https:\/\/k-lliope.fr\/index.php\/personnalite\/\",\"name\":\"Personnalit\u00e9 - Oph\u00e9lie Bouthier\",\"isPartOf\":{\"@id\":\"https:\/\/k-lliope.fr\/#website\"},\"primaryImageOfPage\":{\"@id\":\"https:\/\/k-lliope.fr\/index.php\/personnalite\/#primaryimage\"},\"image\":{\"@id\":\"https:\/\/k-lliope.fr\/index.php\/personnalite\/#primaryimage\"},\"thumbnailUrl\":\"https:\/\/k-lliope.fr\/wp-content\/uploads\/2024\/09\/horoscope-01.png\",\"datePublished\":\"2024-09-08T15:24:54+00:00\",\"dateModified\":\"2024-09-28T09:26:42+00:00\",\"breadcrumb\":{\"@id\":\"https:\/\/k-lliope.fr\/index.php\/personnalite\/#breadcrumb\"},\"inLanguage\":\"fr-FR\",\"potentialAction\":[{\"@type\":\"ReadAction\",\"target\":[\"https:\/\/k-lliope.fr\/index.php\/personnalite\/\"]}]},{\"@type\":\"ImageObject\",\"inLanguage\":\"fr-FR\",\"@id\":\"https:\/\/k-lliope.fr\/index.php\/personnalite\/#primaryimage\",\"url\":\"https:\/\/k-lliope.fr\/wp-content\/uploads\/2024\/09\/horoscope-01.png\",\"contentUrl\":\"https:\/\/k-lliope.fr\/wp-content\/uploads\/2024\/09\/horoscope-01.png\",\"width\":1415,\"height\":989},{\"@type\":\"BreadcrumbList\",\"@id\":\"https:\/\/k-lliope.fr\/index.php\/personnalite\/#breadcrumb\",\"itemListElement\":[{\"@type\":\"ListItem\",\"position\":1,\"name\":\"Accueil\",\"item\":\"https:\/\/k-lliope.fr\/\"},{\"@type\":\"ListItem\",\"position\":2,\"name\":\"Personnalit\u00e9\"}]},{\"@type\":\"WebSite\",\"@id\":\"https:\/\/k-lliope.fr\/#website\",\"url\":\"https:\/\/k-lliope.fr\/\",\"name\":\"Oph\u00e9lie Bouthier\",\"description\":\"CV - Portfolio\",\"publisher\":{\"@id\":\"https:\/\/k-lliope.fr\/#\/schema\/person\/0cb40b7403754b5d5a85ab701b2cdafd\"},\"potentialAction\":[{\"@type\":\"SearchAction\",\"target\":{\"@type\":\"EntryPoint\",\"urlTemplate\":\"https:\/\/k-lliope.fr\/?s={search_term_string}\"},\"query-input\":{\"@type\":\"PropertyValueSpecification\",\"valueRequired\":true,\"valueName\":\"search_term_string\"}}],\"inLanguage\":\"fr-FR\"},{\"@type\":[\"Person\",\"Organization\"],\"@id\":\"https:\/\/k-lliope.fr\/#\/schema\/person\/0cb40b7403754b5d5a85ab701b2cdafd\",\"name\":\"bo127056-ovh\",\"image\":{\"@type\":\"ImageObject\",\"inLanguage\":\"fr-FR\",\"@id\":\"https:\/\/k-lliope.fr\/#\/schema\/person\/image\/\",\"url\":\"https:\/\/k-lliope.fr\/wp-content\/uploads\/2024\/08\/cropped-signature-logo_Plan-de-travail-1-4.webp\",\"contentUrl\":\"https:\/\/k-lliope.fr\/wp-content\/uploads\/2024\/08\/cropped-signature-logo_Plan-de-travail-1-4.webp\",\"width\":910,\"height\":534,\"caption\":\"bo127056-ovh\"},\"logo\":{\"@id\":\"https:\/\/k-lliope.fr\/#\/schema\/person\/image\/\"},\"sameAs\":[\"http:\/\/k-lliope.fr\"]}]}<\/script>\n<!-- \/ Yoast SEO plugin. -->","yoast_head_json":{"title":"Personnalit\u00e9 - Oph\u00e9lie Bouthier","robots":{"index":"noindex","follow":"follow"},"og_locale":"fr_FR","og_type":"article","og_title":"Personnalit\u00e9 - Oph\u00e9lie Bouthier","og_description":"Quand un B\u00e9lier rencontre un Taureau, cela donne : Une personne t\u00eatue ? Une personne \u00e9nigmatique ? Une employ\u00e9e faite pour vous ? A vous de choisir ! Forces Je pense que nous sommes amen\u00e9s \u00e0 r\u00e9\u00e9valuer nos forces en fonction de nos besoins. Vous trouverez ci-dessous une liste de mes forces au regard de ma vie actuelle. Faiblesses Personne ne parle de ses d\u00e9fauts, avant m\u00eame le premier rendez-vous !","og_url":"https:\/\/k-lliope.fr\/index.php\/personnalite\/","og_site_name":"Oph\u00e9lie Bouthier","article_modified_time":"2024-09-28T09:26:42+00:00","og_image":[{"url":"https:\/\/k-lliope.fr\/wp-content\/uploads\/2024\/09\/horoscope-01.png"}],"twitter_card":"summary_large_image","schema":{"@context":"https:\/\/schema.org","@graph":[{"@type":"WebPage","@id":"https:\/\/k-lliope.fr\/index.php\/personnalite\/","url":"https:\/\/k-lliope.fr\/index.php\/personnalite\/","name":"Personnalit\u00e9 - Oph\u00e9lie Bouthier","isPartOf":{"@id":"https:\/\/k-lliope.fr\/#website"},"primaryImageOfPage":{"@id":"https:\/\/k-lliope.fr\/index.php\/personnalite\/#primaryimage"},"image":{"@id":"https:\/\/k-lliope.fr\/index.php\/personnalite\/#primaryimage"},"thumbnailUrl":"https:\/\/k-lliope.fr\/wp-content\/uploads\/2024\/09\/horoscope-01.png","datePublished":"2024-09-08T15:24:54+00:00","dateModified":"2024-09-28T09:26:42+00:00","breadcrumb":{"@id":"https:\/\/k-lliope.fr\/index.php\/personnalite\/#breadcrumb"},"inLanguage":"fr-FR","potentialAction":[{"@type":"ReadAction","target":["https:\/\/k-lliope.fr\/index.php\/personnalite\/"]}]},{"@type":"ImageObject","inLanguage":"fr-FR","@id":"https:\/\/k-lliope.fr\/index.php\/personnalite\/#primaryimage","url":"https:\/\/k-lliope.fr\/wp-content\/uploads\/2024\/09\/horoscope-01.png","contentUrl":"https:\/\/k-lliope.fr\/wp-content\/uploads\/2024\/09\/horoscope-01.png","width":1415,"height":989},{"@type":"BreadcrumbList","@id":"https:\/\/k-lliope.fr\/index.php\/personnalite\/#breadcrumb","itemListElement":[{"@type":"ListItem","position":1,"name":"Accueil","item":"https:\/\/k-lliope.fr\/"},{"@type":"ListItem","position":2,"name":"Personnalit\u00e9"}]},{"@type":"WebSite","@id":"https:\/\/k-lliope.fr\/#website","url":"https:\/\/k-lliope.fr\/","name":"Oph\u00e9lie Bouthier","description":"CV - Portfolio","publisher":{"@id":"https:\/\/k-lliope.fr\/#\/schema\/person\/0cb40b7403754b5d5a85ab701b2cdafd"},"potentialAction":[{"@type":"SearchAction","target":{"@type":"EntryPoint","urlTemplate":"https:\/\/k-lliope.fr\/?s={search_term_string}"},"query-input":{"@type":"PropertyValueSpecification","valueRequired":true,"valueName":"search_term_string"}}],"inLanguage":"fr-FR"},{"@type":["Person","Organization"],"@id":"https:\/\/k-lliope.fr\/#\/schema\/person\/0cb40b7403754b5d5a85ab701b2cdafd","name":"bo127056-ovh","image":{"@type":"ImageObject","inLanguage":"fr-FR","@id":"https:\/\/k-lliope.fr\/#\/schema\/person\/image\/","url":"https:\/\/k-lliope.fr\/wp-content\/uploads\/2024\/08\/cropped-signature-logo_Plan-de-travail-1-4.webp","contentUrl":"https:\/\/k-lliope.fr\/wp-content\/uploads\/2024\/08\/cropped-signature-logo_Plan-de-travail-1-4.webp","width":910,"height":534,"caption":"bo127056-ovh"},"logo":{"@id":"https:\/\/k-lliope.fr\/#\/schema\/person\/image\/"},"sameAs":["http:\/\/k-lliope.fr"]}]}},"_links":{"self":[{"href":"https:\/\/k-lliope.fr\/index.php\/wp-json\/wp\/v2\/pages\/558","targetHints":{"allow":["GET"]}}],"collection":[{"href":"https:\/\/k-lliope.fr\/index.php\/wp-json\/wp\/v2\/pages"}],"about":[{"href":"https:\/\/k-lliope.fr\/index.php\/wp-json\/wp\/v2\/types\/page"}],"author":[{"embeddable":true,"href":"https:\/\/k-lliope.fr\/index.php\/wp-json\/wp\/v2\/users\/1"}],"replies":[{"embeddable":true,"href":"https:\/\/k-lliope.fr\/index.php\/wp-json\/wp\/v2\/comments?post=558"}],"version-history":[{"count":0,"href":"https:\/\/k-lliope.fr\/index.php\/wp-json\/wp\/v2\/pages\/558\/revisions"}],"wp:attachment":[{"href":"https:\/\/k-lliope.fr\/index.php\/wp-json\/wp\/v2\/media?parent=558"}],"curies":[{"name":"wp","href":"https:\/\/api.w.org\/{rel}","templated":true}]}}