{"id":28,"date":"2024-08-20T15:12:48","date_gmt":"2024-08-20T13:12:48","guid":{"rendered":"http:\/\/k-lliope.fr\/?page_id=28"},"modified":"2025-07-26T18:46:43","modified_gmt":"2025-07-26T16:46:43","slug":"accueil","status":"publish","type":"page","link":"https:\/\/k-lliope.fr\/","title":{"rendered":"Accueil"},"content":{"rendered":"\t\t<div data-elementor-type=\"wp-page\" data-elementor-id=\"28\" class=\"elementor elementor-28\">\n\t\t\t\t<div class=\"elementor-element elementor-element-7e0a9db e-grid e-con-full wpr-particle-no wpr-jarallax-no wpr-parallax-no wpr-sticky-section-no e-con e-parent\" data-id=\"7e0a9db\" data-element_type=\"container\">\n\t\t\t\t<div class=\"elementor-element elementor-element-1cfa9a7 e-transform elementor-widget elementor-widget-image\" data-id=\"1cfa9a7\" data-element_type=\"widget\" data-settings=\"{&quot;_transform_scale_effect&quot;:{&quot;unit&quot;:&quot;px&quot;,&quot;size&quot;:0.8,&quot;sizes&quot;:[]},&quot;_transform_scale_effect_tablet&quot;:{&quot;unit&quot;:&quot;px&quot;,&quot;size&quot;:&quot;&quot;,&quot;sizes&quot;:[]},&quot;_transform_scale_effect_mobile&quot;:{&quot;unit&quot;:&quot;px&quot;,&quot;size&quot;:&quot;&quot;,&quot;sizes&quot;:[]}}\" data-widget_type=\"image.default\">\n\t\t\t\t<div class=\"elementor-widget-container\">\n\t\t\t\t\t\t\t\t\t\t\t\t\t<img fetchpriority=\"high\" decoding=\"async\" width=\"1588\" height=\"1432\" src=\"https:\/\/k-lliope.fr\/wp-content\/uploads\/2024\/09\/TETE-POUR-SITE_Plan-de-travail-1.png\" class=\"attachment-full size-full wp-image-839\" alt=\"\" srcset=\"https:\/\/k-lliope.fr\/wp-content\/uploads\/2024\/09\/TETE-POUR-SITE_Plan-de-travail-1.png 1588w, https:\/\/k-lliope.fr\/wp-content\/uploads\/2024\/09\/TETE-POUR-SITE_Plan-de-travail-1-300x271.png 300w, https:\/\/k-lliope.fr\/wp-content\/uploads\/2024\/09\/TETE-POUR-SITE_Plan-de-travail-1-1024x923.png 1024w, https:\/\/k-lliope.fr\/wp-content\/uploads\/2024\/09\/TETE-POUR-SITE_Plan-de-travail-1-768x693.png 768w, https:\/\/k-lliope.fr\/wp-content\/uploads\/2024\/09\/TETE-POUR-SITE_Plan-de-travail-1-1536x1385.png 1536w, https:\/\/k-lliope.fr\/wp-content\/uploads\/2024\/09\/TETE-POUR-SITE_Plan-de-travail-1-1140x1028.png 1140w\" sizes=\"(max-width: 1588px) 100vw, 1588px\" \/>\t\t\t\t\t\t\t\t\t\t\t\t\t<\/div>\n\t\t\t\t<\/div>\n\t\t<div class=\"elementor-element elementor-element-92206b6 e-con-full e-flex wpr-particle-no wpr-jarallax-no wpr-parallax-no wpr-sticky-section-no e-con e-child\" data-id=\"92206b6\" data-element_type=\"container\">\n\t\t\t\t<div class=\"elementor-element elementor-element-d49d307 elementor-widget elementor-widget-heading\" data-id=\"d49d307\" data-element_type=\"widget\" data-widget_type=\"heading.default\">\n\t\t\t\t<div class=\"elementor-widget-container\">\n\t\t\t<h2 class=\"elementor-heading-title elementor-size-default\">Avez-vous une question?<\/h2>\t\t<\/div>\n\t\t\t\t<\/div>\n\t\t\t\t<div class=\"elementor-element elementor-element-ea32590 elementor-widget-mobile__width-initial elementor-widget elementor-widget-accordion\" data-id=\"ea32590\" data-element_type=\"widget\" data-widget_type=\"accordion.default\">\n\t\t\t\t<div class=\"elementor-widget-container\">\n\t\t\t\t\t<div class=\"elementor-accordion\">\n\t\t\t\t\t\t\t<div class=\"elementor-accordion-item\">\n\t\t\t\t\t<div id=\"elementor-tab-title-2451\" class=\"elementor-tab-title\" data-tab=\"1\" role=\"button\" aria-controls=\"elementor-tab-content-2451\" aria-expanded=\"false\">\n\t\t\t\t\t\t\t\t\t\t\t\t\t<span class=\"elementor-accordion-icon elementor-accordion-icon-left\" aria-hidden=\"true\">\n\t\t\t\t\t\t\t\t\t\t\t\t\t\t\t<span class=\"elementor-accordion-icon-closed\"><svg class=\"e-font-icon-svg e-fas-plus\" viewBox=\"0 0 448 512\" xmlns=\"http:\/\/www.w3.org\/2000\/svg\"><path d=\"M416 208H272V64c0-17.67-14.33-32-32-32h-32c-17.67 0-32 14.33-32 32v144H32c-17.67 0-32 14.33-32 32v32c0 17.67 14.33 32 32 32h144v144c0 17.67 14.33 32 32 32h32c17.67 0 32-14.33 32-32V304h144c17.67 0 32-14.33 32-32v-32c0-17.67-14.33-32-32-32z\"><\/path><\/svg><\/span>\n\t\t\t\t\t\t\t\t<span class=\"elementor-accordion-icon-opened\"><svg class=\"e-font-icon-svg e-fas-minus\" viewBox=\"0 0 448 512\" xmlns=\"http:\/\/www.w3.org\/2000\/svg\"><path d=\"M416 208H32c-17.67 0-32 14.33-32 32v32c0 17.67 14.33 32 32 32h384c17.67 0 32-14.33 32-32v-32c0-17.67-14.33-32-32-32z\"><\/path><\/svg><\/span>\n\t\t\t\t\t\t\t\t\t\t\t\t\t\t<\/span>\n\t\t\t\t\t\t\t\t\t\t\t\t<a class=\"elementor-accordion-title\" tabindex=\"0\">Pourquoi changer de travail ?<\/a>\n\t\t\t\t\t<\/div>\n\t\t\t\t\t<div id=\"elementor-tab-content-2451\" class=\"elementor-tab-content elementor-clearfix\" data-tab=\"1\" role=\"region\" aria-labelledby=\"elementor-tab-title-2451\"><p>Apr\u00e8s plus de 12 ans d&rsquo;exp\u00e9rience dans des ateliers publicitaires, je ressens le besoin de commencer un nouveau chapitre et de renouer avec ma passion : la cr\u00e9ation.<\/p><\/div>\n\t\t\t\t<\/div>\n\t\t\t\t\t\t\t<div class=\"elementor-accordion-item\">\n\t\t\t\t\t<div id=\"elementor-tab-title-2452\" class=\"elementor-tab-title\" data-tab=\"2\" role=\"button\" aria-controls=\"elementor-tab-content-2452\" aria-expanded=\"false\">\n\t\t\t\t\t\t\t\t\t\t\t\t\t<span class=\"elementor-accordion-icon elementor-accordion-icon-left\" aria-hidden=\"true\">\n\t\t\t\t\t\t\t\t\t\t\t\t\t\t\t<span class=\"elementor-accordion-icon-closed\"><svg class=\"e-font-icon-svg e-fas-plus\" viewBox=\"0 0 448 512\" xmlns=\"http:\/\/www.w3.org\/2000\/svg\"><path d=\"M416 208H272V64c0-17.67-14.33-32-32-32h-32c-17.67 0-32 14.33-32 32v144H32c-17.67 0-32 14.33-32 32v32c0 17.67 14.33 32 32 32h144v144c0 17.67 14.33 32 32 32h32c17.67 0 32-14.33 32-32V304h144c17.67 0 32-14.33 32-32v-32c0-17.67-14.33-32-32-32z\"><\/path><\/svg><\/span>\n\t\t\t\t\t\t\t\t<span class=\"elementor-accordion-icon-opened\"><svg class=\"e-font-icon-svg e-fas-minus\" viewBox=\"0 0 448 512\" xmlns=\"http:\/\/www.w3.org\/2000\/svg\"><path d=\"M416 208H32c-17.67 0-32 14.33-32 32v32c0 17.67 14.33 32 32 32h384c17.67 0 32-14.33 32-32v-32c0-17.67-14.33-32-32-32z\"><\/path><\/svg><\/span>\n\t\t\t\t\t\t\t\t\t\t\t\t\t\t<\/span>\n\t\t\t\t\t\t\t\t\t\t\t\t<a class=\"elementor-accordion-title\" tabindex=\"0\">Quel poste ?<\/a>\n\t\t\t\t\t<\/div>\n\t\t\t\t\t<div id=\"elementor-tab-content-2452\" class=\"elementor-tab-content elementor-clearfix\" data-tab=\"2\" role=\"region\" aria-labelledby=\"elementor-tab-title-2452\"><p>Un poste de charg\u00e9e de communication.<\/p><p>Je souhaite que l&rsquo;on me donne la possibilit\u00e9 de cr\u00e9er, de me sentir utile, d&rsquo;\u00e9clore.<\/p><\/div>\n\t\t\t\t<\/div>\n\t\t\t\t\t\t\t<div class=\"elementor-accordion-item\">\n\t\t\t\t\t<div id=\"elementor-tab-title-2453\" class=\"elementor-tab-title\" data-tab=\"3\" role=\"button\" aria-controls=\"elementor-tab-content-2453\" aria-expanded=\"false\">\n\t\t\t\t\t\t\t\t\t\t\t\t\t<span class=\"elementor-accordion-icon elementor-accordion-icon-left\" aria-hidden=\"true\">\n\t\t\t\t\t\t\t\t\t\t\t\t\t\t\t<span class=\"elementor-accordion-icon-closed\"><svg class=\"e-font-icon-svg e-fas-plus\" viewBox=\"0 0 448 512\" xmlns=\"http:\/\/www.w3.org\/2000\/svg\"><path d=\"M416 208H272V64c0-17.67-14.33-32-32-32h-32c-17.67 0-32 14.33-32 32v144H32c-17.67 0-32 14.33-32 32v32c0 17.67 14.33 32 32 32h144v144c0 17.67 14.33 32 32 32h32c17.67 0 32-14.33 32-32V304h144c17.67 0 32-14.33 32-32v-32c0-17.67-14.33-32-32-32z\"><\/path><\/svg><\/span>\n\t\t\t\t\t\t\t\t<span class=\"elementor-accordion-icon-opened\"><svg class=\"e-font-icon-svg e-fas-minus\" viewBox=\"0 0 448 512\" xmlns=\"http:\/\/www.w3.org\/2000\/svg\"><path d=\"M416 208H32c-17.67 0-32 14.33-32 32v32c0 17.67 14.33 32 32 32h384c17.67 0 32-14.33 32-32v-32c0-17.67-14.33-32-32-32z\"><\/path><\/svg><\/span>\n\t\t\t\t\t\t\t\t\t\t\t\t\t\t<\/span>\n\t\t\t\t\t\t\t\t\t\t\t\t<a class=\"elementor-accordion-title\" tabindex=\"0\">Pourquoi moi ?<\/a>\n\t\t\t\t\t<\/div>\n\t\t\t\t\t<div id=\"elementor-tab-content-2453\" class=\"elementor-tab-content elementor-clearfix\" data-tab=\"3\" role=\"region\" aria-labelledby=\"elementor-tab-title-2453\"><ul><li>un sacr\u00e9 petit bout de femme,<\/li><li>r\u00e9active et impliqu\u00e9e,<\/li><li>tenace,<\/li><li>qui aime le contact client<\/li><\/ul><\/div>\n\t\t\t\t<\/div>\n\t\t\t\t\t\t\t<div class=\"elementor-accordion-item\">\n\t\t\t\t\t<div id=\"elementor-tab-title-2454\" class=\"elementor-tab-title\" data-tab=\"4\" role=\"button\" aria-controls=\"elementor-tab-content-2454\" aria-expanded=\"false\">\n\t\t\t\t\t\t\t\t\t\t\t\t\t<span class=\"elementor-accordion-icon elementor-accordion-icon-left\" aria-hidden=\"true\">\n\t\t\t\t\t\t\t\t\t\t\t\t\t\t\t<span class=\"elementor-accordion-icon-closed\"><svg class=\"e-font-icon-svg e-fas-plus\" viewBox=\"0 0 448 512\" xmlns=\"http:\/\/www.w3.org\/2000\/svg\"><path d=\"M416 208H272V64c0-17.67-14.33-32-32-32h-32c-17.67 0-32 14.33-32 32v144H32c-17.67 0-32 14.33-32 32v32c0 17.67 14.33 32 32 32h144v144c0 17.67 14.33 32 32 32h32c17.67 0 32-14.33 32-32V304h144c17.67 0 32-14.33 32-32v-32c0-17.67-14.33-32-32-32z\"><\/path><\/svg><\/span>\n\t\t\t\t\t\t\t\t<span class=\"elementor-accordion-icon-opened\"><svg class=\"e-font-icon-svg e-fas-minus\" viewBox=\"0 0 448 512\" xmlns=\"http:\/\/www.w3.org\/2000\/svg\"><path d=\"M416 208H32c-17.67 0-32 14.33-32 32v32c0 17.67 14.33 32 32 32h384c17.67 0 32-14.33 32-32v-32c0-17.67-14.33-32-32-32z\"><\/path><\/svg><\/span>\n\t\t\t\t\t\t\t\t\t\t\t\t\t\t<\/span>\n\t\t\t\t\t\t\t\t\t\t\t\t<a class=\"elementor-accordion-title\" tabindex=\"0\">Pourquoi vous ?<\/a>\n\t\t\t\t\t<\/div>\n\t\t\t\t\t<div id=\"elementor-tab-content-2454\" class=\"elementor-tab-content elementor-clearfix\" data-tab=\"4\" role=\"region\" aria-labelledby=\"elementor-tab-title-2454\"><ul><li>Vous consid\u00e9rez votre \u00e9quipe comme une force.<\/li><li>Vous avez envie de transmettre votre savoir.<\/li><li>Vous aimez cr\u00e9er, inventer ou essayer de nouveaux concepts.<\/li><li>Vous avez ce petit grain de folie.<\/li><\/ul><\/div>\n\t\t\t\t<\/div>\n\t\t\t\t\t\t\t\t<\/div>\n\t\t\t\t<\/div>\n\t\t\t\t<\/div>\n\t\t\t\t<\/div>\n\t\t\t\t<\/div>\n\t\t<div class=\"elementor-element elementor-element-9334959 e-grid e-con-full wpr-particle-no wpr-jarallax-no wpr-parallax-no wpr-sticky-section-no e-con e-parent\" data-id=\"9334959\" data-element_type=\"container\">\n\t\t\t\t<div class=\"elementor-element elementor-element-3e9b967 wpr-flip-box-animation-flip wpr-flip-box-animation-3d-yes wpr-flip-box-anim-direction-right wpr-flip-box-front-align-center wpr-flip-box-back-align-center elementor-widget elementor-widget-wpr-flip-box\" data-id=\"3e9b967\" data-element_type=\"widget\" data-widget_type=\"wpr-flip-box.default\">\n\t\t\t\t<div class=\"elementor-widget-container\">\n\t\t\t\t\t\t\n\t\t<div class=\"wpr-flip-box\" data-trigger=\"hover\">\n\t\t\t\n\t\t\t<div class=\"wpr-flip-box-item wpr-flip-box-front wpr-anim-timing-ease-default\">\n\n\t\t\t\t<div class=\"wpr-flip-box-overlay\"><\/div>\n\n\t\t\t\t<div class=\"wpr-flip-box-content\">\n\t\t\t\t\t\n\t\t\t\t\t\t\t\t\t\t\n\t\t\t\t\t\t\t\t\t\t\t<h3 class=\"wpr-flip-box-title\">Personnalit\u00e9<\/h3>\n\t\t\t\t\t\n\t\t\t\t\t\t\n\n\t\t\t\t\t\t\n\n\t\t\t\t<\/div>\n\t\t\t<\/div>\n\n\t\t\t<div class=\"wpr-flip-box-item wpr-flip-box-back wpr-anim-timing-ease-default\">\n\n\t\t\t\t<div class=\"wpr-flip-box-overlay\"><\/div>\n\t\t\t\t\n\t\t\t\t<div class=\"wpr-flip-box-content\">\n\t\t\t\t\t\n\t\t\t\t\t\t\t\t\t\t<a class=\"wpr-flip-box-link\" href=\"https:\/\/k-lliope.fr\/index.php\/personnalite\/\"><\/a>\t\n\t\t\t\t\t\n\t\t\t\t\t\t\t\t\t\t\n\t\t\t\t\t\t\t\t\t\t\t<h3 class=\"wpr-flip-box-title\">\n\t\t\t\t\t\t\tPersonnalit\u00e9\t\t\t\t\t\t<\/h3>\n\t\t\t\t\t\n\t\t\t\t\t\t\t\t\t\t\t<div class=\"wpr-flip-box-description\"><p>Forces, Faiblesses<\/p><\/div>\t\t\t\t\t\t\n\t\t\t\t\t\t\n\n\t\t\t\t\t\t\n\n\t\t\t\t<\/div>\n\t\t\t<\/div>\n\t\t<\/div>\n\n\t\t\t\t<\/div>\n\t\t\t\t<\/div>\n\t\t\t\t<div class=\"elementor-element elementor-element-2390d9b wpr-flip-box-animation-flip wpr-flip-box-animation-3d-yes wpr-flip-box-anim-direction-right wpr-flip-box-front-align-center wpr-flip-box-back-align-center elementor-widget elementor-widget-wpr-flip-box\" data-id=\"2390d9b\" data-element_type=\"widget\" data-widget_type=\"wpr-flip-box.default\">\n\t\t\t\t<div class=\"elementor-widget-container\">\n\t\t\t\t\t\t\n\t\t<div class=\"wpr-flip-box\" data-trigger=\"hover\">\n\t\t\t\n\t\t\t<div class=\"wpr-flip-box-item wpr-flip-box-front wpr-anim-timing-ease-default\">\n\n\t\t\t\t<div class=\"wpr-flip-box-overlay\"><\/div>\n\n\t\t\t\t<div class=\"wpr-flip-box-content\">\n\t\t\t\t\t\n\t\t\t\t\t\t\t\t\t\t\n\t\t\t\t\t\t\t\t\t\t\t<h3 class=\"wpr-flip-box-title\">Mes projets de communication<\/h3>\n\t\t\t\t\t\n\t\t\t\t\t\t\n\n\t\t\t\t\t\t\n\n\t\t\t\t<\/div>\n\t\t\t<\/div>\n\n\t\t\t<div class=\"wpr-flip-box-item wpr-flip-box-back wpr-anim-timing-ease-default\">\n\n\t\t\t\t<div class=\"wpr-flip-box-overlay\"><\/div>\n\t\t\t\t\n\t\t\t\t<div class=\"wpr-flip-box-content\">\n\t\t\t\t\t\n\t\t\t\t\t\t\t\t\t\t<a class=\"wpr-flip-box-link\" href=\"https:\/\/k-lliope.fr\/index.php\/projets-de-com\/\"><\/a>\t\n\t\t\t\t\t\n\t\t\t\t\t\t\t\t\t\t\n\t\t\t\t\t\t\t\t\t\t\t<h3 class=\"wpr-flip-box-title\">\n\t\t\t\t\t\t\tMes projets de communication\t\t\t\t\t\t<\/h3>\n\t\t\t\t\t\n\t\t\t\t\t\t\t\t\t\t\t<div class=\"wpr-flip-box-description\"><p>Des cr\u00e9ations graphiques vari\u00e9es<\/p><\/div>\t\t\t\t\t\t\n\t\t\t\t\t\t\n\n\t\t\t\t\t\t\n\n\t\t\t\t<\/div>\n\t\t\t<\/div>\n\t\t<\/div>\n\n\t\t\t\t<\/div>\n\t\t\t\t<\/div>\n\t\t\t\t<div class=\"elementor-element elementor-element-27ae027 wpr-flip-box-animation-flip wpr-flip-box-animation-3d-yes wpr-flip-box-anim-direction-right wpr-flip-box-front-align-center wpr-flip-box-back-align-center elementor-widget elementor-widget-wpr-flip-box\" data-id=\"27ae027\" data-element_type=\"widget\" data-widget_type=\"wpr-flip-box.default\">\n\t\t\t\t<div class=\"elementor-widget-container\">\n\t\t\t\t\t\t\n\t\t<div class=\"wpr-flip-box\" data-trigger=\"hover\">\n\t\t\t\n\t\t\t<div class=\"wpr-flip-box-item wpr-flip-box-front wpr-anim-timing-ease-default\">\n\n\t\t\t\t<div class=\"wpr-flip-box-overlay\"><\/div>\n\n\t\t\t\t<div class=\"wpr-flip-box-content\">\n\t\t\t\t\t\n\t\t\t\t\t\t\t\t\t\t\n\t\t\t\t\t\t\t\t\t\t\t<h3 class=\"wpr-flip-box-title\">Mes passions<\/h3>\n\t\t\t\t\t\n\t\t\t\t\t\t\n\n\t\t\t\t\t\t\n\n\t\t\t\t<\/div>\n\t\t\t<\/div>\n\n\t\t\t<div class=\"wpr-flip-box-item wpr-flip-box-back wpr-anim-timing-ease-default\">\n\n\t\t\t\t<div class=\"wpr-flip-box-overlay\"><\/div>\n\t\t\t\t\n\t\t\t\t<div class=\"wpr-flip-box-content\">\n\t\t\t\t\t\n\t\t\t\t\t\t\t\t\t\t<a class=\"wpr-flip-box-link\" href=\"https:\/\/k-lliope.fr\/index.php\/passions\/\"><\/a>\t\n\t\t\t\t\t\n\t\t\t\t\t\t\t\t\t\t\n\t\t\t\t\t\t\t\t\t\t\t<h3 class=\"wpr-flip-box-title\">\n\t\t\t\t\t\t\tMes passions\t\t\t\t\t\t<\/h3>\n\t\t\t\t\t\n\t\t\t\t\t\t\t\t\t\t\t<div class=\"wpr-flip-box-description\"><p>Photos - Cadeaux - Artisanat<\/p><\/div>\t\t\t\t\t\t\n\t\t\t\t\t\t\n\n\t\t\t\t\t\t\n\n\t\t\t\t<\/div>\n\t\t\t<\/div>\n\t\t<\/div>\n\n\t\t\t\t<\/div>\n\t\t\t\t<\/div>\n\t\t\t\t<div class=\"elementor-element elementor-element-08a3ee2 wpr-flip-box-animation-flip wpr-flip-box-animation-3d-yes wpr-flip-box-anim-direction-right wpr-flip-box-front-align-center wpr-flip-box-back-align-center elementor-widget elementor-widget-wpr-flip-box\" data-id=\"08a3ee2\" data-element_type=\"widget\" data-widget_type=\"wpr-flip-box.default\">\n\t\t\t\t<div class=\"elementor-widget-container\">\n\t\t\t\t\t\t\n\t\t<div class=\"wpr-flip-box\" data-trigger=\"hover\">\n\t\t\t\n\t\t\t<div class=\"wpr-flip-box-item wpr-flip-box-front wpr-anim-timing-ease-default\">\n\n\t\t\t\t<div class=\"wpr-flip-box-overlay\"><\/div>\n\n\t\t\t\t<div class=\"wpr-flip-box-content\">\n\t\t\t\t\t\n\t\t\t\t\t\t\t\t\t\t\n\t\t\t\t\t\n\t\t\t\t\t\t\n\n\t\t\t\t\t\t\n\n\t\t\t\t<\/div>\n\t\t\t<\/div>\n\n\t\t\t<div class=\"wpr-flip-box-item wpr-flip-box-back wpr-anim-timing-ease-default\">\n\n\t\t\t\t<div class=\"wpr-flip-box-overlay\"><\/div>\n\t\t\t\t\n\t\t\t\t<div class=\"wpr-flip-box-content\">\n\t\t\t\t\t\n\t\t\t\t\t\t\t\t\t\t<a class=\"wpr-flip-box-link\" href=\"https:\/\/k-lliope.fr\/index.php\/qsm_quiz\/sommes-nous-compatibles\/\"><\/a>\t\n\t\t\t\t\t\n\t\t\t\t\t\t\t\t\t\t\n\t\t\t\t\t\t\t\t\t\t\t<h3 class=\"wpr-flip-box-title\">\n\t\t\t\t\t\t\tQuiz\t\t\t\t\t\t<\/h3>\n\t\t\t\t\t\n\t\t\t\t\t\t\t\t\t\t\t<div class=\"wpr-flip-box-description\"><p>Sommes-nous compatibles ?<\/p><\/div>\t\t\t\t\t\t\n\t\t\t\t\t\t\n\n\t\t\t\t\t\t\n\n\t\t\t\t<\/div>\n\t\t\t<\/div>\n\t\t<\/div>\n\n\t\t\t\t<\/div>\n\t\t\t\t<\/div>\n\t\t\t\t<\/div>\n\t\t\t\t<\/div>\n\t\t","protected":false},"excerpt":{"rendered":"<p>Avez-vous une question? Pourquoi changer de travail ? Apr\u00e8s plus de 12 ans d&#8217;exp\u00e9rience dans des ateliers publicitaires, je ressens le besoin de commencer un nouveau chapitre et de renouer avec ma passion : la cr\u00e9ation. Quel poste ? Un poste de charg\u00e9e de communication. Je souhaite que l&#8217;on me donne la possibilit\u00e9 de cr\u00e9er, de me sentir utile, d&#8217;\u00e9clore. Pourquoi moi ? un sacr\u00e9 petit bout de femme, r\u00e9active et impliqu\u00e9e, tenace, qui aime le contact client Pourquoi vous ? Vous consid\u00e9rez votre \u00e9quipe comme une force. Vous avez envie de transmettre votre savoir. Vous aimez cr\u00e9er, inventer ou essayer de nouveaux concepts. Vous avez ce petit grain de folie. Personnalit\u00e9 Personnalit\u00e9 Forces, Faiblesses Mes projets de communication Mes projets de communication Des cr\u00e9ations graphiques vari\u00e9es Mes passions Mes passions Photos &#8211; Cadeaux &#8211; Artisanat Quiz Sommes-nous compatibles ?<\/p>\n","protected":false},"author":1,"featured_media":0,"parent":0,"menu_order":0,"comment_status":"closed","ping_status":"closed","template":"","meta":{"cybocfi_hide_featured_image":"","footnotes":""},"class_list":["post-28","page","type-page","status-publish","hentry"],"yoast_head":"<!-- This site is optimized with the Yoast SEO plugin v23.4 - https:\/\/yoast.com\/wordpress\/plugins\/seo\/ -->\n<title>Oph\u00e9lie Bouthier : CV et Portfolio<\/title>\n<meta name=\"description\" content=\"Passions, R\u00e9alisations, Quiz, Entrez dans mon univers !\" \/>\n<meta name=\"robots\" content=\"index, nofollow, max-snippet:-1, max-video-preview:-1, noimageindex\" \/>\n<link rel=\"canonical\" href=\"https:\/\/k-lliope.fr\/\" \/>\n<meta property=\"og:locale\" content=\"fr_FR\" \/>\n<meta property=\"og:type\" content=\"article\" \/>\n<meta property=\"og:title\" content=\"Oph\u00e9lie Bouthier : CV et Portfolio\" \/>\n<meta property=\"og:description\" content=\"Passions, R\u00e9alisations, Quiz, Entrez dans mon univers !\" \/>\n<meta property=\"og:url\" content=\"https:\/\/k-lliope.fr\/\" \/>\n<meta property=\"og:site_name\" content=\"Oph\u00e9lie Bouthier\" \/>\n<meta property=\"article:modified_time\" content=\"2025-07-26T16:46:43+00:00\" \/>\n<meta property=\"og:image\" content=\"https:\/\/k-lliope.fr\/wp-content\/uploads\/2024\/09\/TETE-POUR-SITE_Plan-de-travail-1.png\" \/>\n<meta name=\"twitter:card\" content=\"summary_large_image\" \/>\n<meta name=\"twitter:label1\" content=\"Dur\u00e9e de lecture estim\u00e9e\" \/>\n\t<meta name=\"twitter:data1\" content=\"1 minute\" \/>\n<script type=\"application\/ld+json\" class=\"yoast-schema-graph\">{\"@context\":\"https:\/\/schema.org\",\"@graph\":[{\"@type\":[\"WebPage\",\"AboutPage\"],\"@id\":\"https:\/\/k-lliope.fr\/\",\"url\":\"https:\/\/k-lliope.fr\/\",\"name\":\"Oph\u00e9lie Bouthier : CV et Portfolio\",\"isPartOf\":{\"@id\":\"https:\/\/k-lliope.fr\/#website\"},\"primaryImageOfPage\":{\"@id\":\"https:\/\/k-lliope.fr\/#primaryimage\"},\"image\":{\"@id\":\"https:\/\/k-lliope.fr\/#primaryimage\"},\"thumbnailUrl\":\"https:\/\/k-lliope.fr\/wp-content\/uploads\/2024\/09\/TETE-POUR-SITE_Plan-de-travail-1.png\",\"datePublished\":\"2024-08-20T13:12:48+00:00\",\"dateModified\":\"2025-07-26T16:46:43+00:00\",\"description\":\"Passions, R\u00e9alisations, Quiz, Entrez dans mon univers !\",\"breadcrumb\":{\"@id\":\"https:\/\/k-lliope.fr\/#breadcrumb\"},\"inLanguage\":\"fr-FR\",\"potentialAction\":[{\"@type\":\"ReadAction\",\"target\":[\"https:\/\/k-lliope.fr\/\"]}]},{\"@type\":\"ImageObject\",\"inLanguage\":\"fr-FR\",\"@id\":\"https:\/\/k-lliope.fr\/#primaryimage\",\"url\":\"https:\/\/k-lliope.fr\/wp-content\/uploads\/2024\/09\/TETE-POUR-SITE_Plan-de-travail-1.png\",\"contentUrl\":\"https:\/\/k-lliope.fr\/wp-content\/uploads\/2024\/09\/TETE-POUR-SITE_Plan-de-travail-1.png\",\"width\":1588,\"height\":1432},{\"@type\":\"BreadcrumbList\",\"@id\":\"https:\/\/k-lliope.fr\/#breadcrumb\",\"itemListElement\":[{\"@type\":\"ListItem\",\"position\":1,\"name\":\"Accueil\",\"item\":\"https:\/\/k-lliope.fr\/\"},{\"@type\":\"ListItem\",\"position\":2,\"name\":\"Accueil\"}]},{\"@type\":\"WebSite\",\"@id\":\"https:\/\/k-lliope.fr\/#website\",\"url\":\"https:\/\/k-lliope.fr\/\",\"name\":\"Oph\u00e9lie Bouthier\",\"description\":\"CV - Portfolio\",\"publisher\":{\"@id\":\"https:\/\/k-lliope.fr\/#\/schema\/person\/0cb40b7403754b5d5a85ab701b2cdafd\"},\"potentialAction\":[{\"@type\":\"SearchAction\",\"target\":{\"@type\":\"EntryPoint\",\"urlTemplate\":\"https:\/\/k-lliope.fr\/?s={search_term_string}\"},\"query-input\":{\"@type\":\"PropertyValueSpecification\",\"valueRequired\":true,\"valueName\":\"search_term_string\"}}],\"inLanguage\":\"fr-FR\"},{\"@type\":[\"Person\",\"Organization\"],\"@id\":\"https:\/\/k-lliope.fr\/#\/schema\/person\/0cb40b7403754b5d5a85ab701b2cdafd\",\"name\":\"bo127056-ovh\",\"image\":{\"@type\":\"ImageObject\",\"inLanguage\":\"fr-FR\",\"@id\":\"https:\/\/k-lliope.fr\/#\/schema\/person\/image\/\",\"url\":\"https:\/\/k-lliope.fr\/wp-content\/uploads\/2024\/08\/cropped-signature-logo_Plan-de-travail-1-4.webp\",\"contentUrl\":\"https:\/\/k-lliope.fr\/wp-content\/uploads\/2024\/08\/cropped-signature-logo_Plan-de-travail-1-4.webp\",\"width\":910,\"height\":534,\"caption\":\"bo127056-ovh\"},\"logo\":{\"@id\":\"https:\/\/k-lliope.fr\/#\/schema\/person\/image\/\"},\"sameAs\":[\"http:\/\/k-lliope.fr\"]}]}<\/script>\n<!-- \/ Yoast SEO plugin. -->","yoast_head_json":{"title":"Oph\u00e9lie Bouthier : CV et Portfolio","description":"Passions, R\u00e9alisations, Quiz, Entrez dans mon univers !","robots":{"index":"index","follow":"nofollow","max-snippet":"max-snippet:-1","max-video-preview":"max-video-preview:-1","imageindex":"noimageindex"},"canonical":"https:\/\/k-lliope.fr\/","og_locale":"fr_FR","og_type":"article","og_title":"Oph\u00e9lie Bouthier : CV et Portfolio","og_description":"Passions, R\u00e9alisations, Quiz, Entrez dans mon univers !","og_url":"https:\/\/k-lliope.fr\/","og_site_name":"Oph\u00e9lie Bouthier","article_modified_time":"2025-07-26T16:46:43+00:00","og_image":[{"url":"https:\/\/k-lliope.fr\/wp-content\/uploads\/2024\/09\/TETE-POUR-SITE_Plan-de-travail-1.png"}],"twitter_card":"summary_large_image","twitter_misc":{"Dur\u00e9e de lecture estim\u00e9e":"1 minute"},"schema":{"@context":"https:\/\/schema.org","@graph":[{"@type":["WebPage","AboutPage"],"@id":"https:\/\/k-lliope.fr\/","url":"https:\/\/k-lliope.fr\/","name":"Oph\u00e9lie Bouthier : CV et Portfolio","isPartOf":{"@id":"https:\/\/k-lliope.fr\/#website"},"primaryImageOfPage":{"@id":"https:\/\/k-lliope.fr\/#primaryimage"},"image":{"@id":"https:\/\/k-lliope.fr\/#primaryimage"},"thumbnailUrl":"https:\/\/k-lliope.fr\/wp-content\/uploads\/2024\/09\/TETE-POUR-SITE_Plan-de-travail-1.png","datePublished":"2024-08-20T13:12:48+00:00","dateModified":"2025-07-26T16:46:43+00:00","description":"Passions, R\u00e9alisations, Quiz, Entrez dans mon univers !","breadcrumb":{"@id":"https:\/\/k-lliope.fr\/#breadcrumb"},"inLanguage":"fr-FR","potentialAction":[{"@type":"ReadAction","target":["https:\/\/k-lliope.fr\/"]}]},{"@type":"ImageObject","inLanguage":"fr-FR","@id":"https:\/\/k-lliope.fr\/#primaryimage","url":"https:\/\/k-lliope.fr\/wp-content\/uploads\/2024\/09\/TETE-POUR-SITE_Plan-de-travail-1.png","contentUrl":"https:\/\/k-lliope.fr\/wp-content\/uploads\/2024\/09\/TETE-POUR-SITE_Plan-de-travail-1.png","width":1588,"height":1432},{"@type":"BreadcrumbList","@id":"https:\/\/k-lliope.fr\/#breadcrumb","itemListElement":[{"@type":"ListItem","position":1,"name":"Accueil","item":"https:\/\/k-lliope.fr\/"},{"@type":"ListItem","position":2,"name":"Accueil"}]},{"@type":"WebSite","@id":"https:\/\/k-lliope.fr\/#website","url":"https:\/\/k-lliope.fr\/","name":"Oph\u00e9lie Bouthier","description":"CV - Portfolio","publisher":{"@id":"https:\/\/k-lliope.fr\/#\/schema\/person\/0cb40b7403754b5d5a85ab701b2cdafd"},"potentialAction":[{"@type":"SearchAction","target":{"@type":"EntryPoint","urlTemplate":"https:\/\/k-lliope.fr\/?s={search_term_string}"},"query-input":{"@type":"PropertyValueSpecification","valueRequired":true,"valueName":"search_term_string"}}],"inLanguage":"fr-FR"},{"@type":["Person","Organization"],"@id":"https:\/\/k-lliope.fr\/#\/schema\/person\/0cb40b7403754b5d5a85ab701b2cdafd","name":"bo127056-ovh","image":{"@type":"ImageObject","inLanguage":"fr-FR","@id":"https:\/\/k-lliope.fr\/#\/schema\/person\/image\/","url":"https:\/\/k-lliope.fr\/wp-content\/uploads\/2024\/08\/cropped-signature-logo_Plan-de-travail-1-4.webp","contentUrl":"https:\/\/k-lliope.fr\/wp-content\/uploads\/2024\/08\/cropped-signature-logo_Plan-de-travail-1-4.webp","width":910,"height":534,"caption":"bo127056-ovh"},"logo":{"@id":"https:\/\/k-lliope.fr\/#\/schema\/person\/image\/"},"sameAs":["http:\/\/k-lliope.fr"]}]}},"_links":{"self":[{"href":"https:\/\/k-lliope.fr\/index.php\/wp-json\/wp\/v2\/pages\/28","targetHints":{"allow":["GET"]}}],"collection":[{"href":"https:\/\/k-lliope.fr\/index.php\/wp-json\/wp\/v2\/pages"}],"about":[{"href":"https:\/\/k-lliope.fr\/index.php\/wp-json\/wp\/v2\/types\/page"}],"author":[{"embeddable":true,"href":"https:\/\/k-lliope.fr\/index.php\/wp-json\/wp\/v2\/users\/1"}],"replies":[{"embeddable":true,"href":"https:\/\/k-lliope.fr\/index.php\/wp-json\/wp\/v2\/comments?post=28"}],"version-history":[{"count":0,"href":"https:\/\/k-lliope.fr\/index.php\/wp-json\/wp\/v2\/pages\/28\/revisions"}],"wp:attachment":[{"href":"https:\/\/k-lliope.fr\/index.php\/wp-json\/wp\/v2\/media?parent=28"}],"curies":[{"name":"wp","href":"https:\/\/api.w.org\/{rel}","templated":true}]}}